{"id":4093,"date":"2019-07-15T20:17:43","date_gmt":"2019-07-15T20:17:43","guid":{"rendered":"https:\/\/enne.com.ar\/?page_id=4093"},"modified":"2026-05-06T17:33:16","modified_gmt":"2026-05-06T20:33:16","slug":"mantenimiento","status":"publish","type":"page","link":"https:\/\/enne.com.ar\/","title":{"rendered":"Mantenimiento"},"content":{"rendered":"\t\t<div data-elementor-type=\"wp-page\" data-elementor-id=\"4093\" class=\"elementor elementor-4093\">\n\t\t\t\t\t\t<section class=\"elementor-section elementor-top-section elementor-element elementor-element-9217ee2 elementor-section-stretched elementor-section-full_width elementor-section-height-full elementor-section-content-top elementor-section-height-default elementor-section-items-middle\" data-id=\"9217ee2\" data-element_type=\"section\" data-e-type=\"section\" data-settings=\"{&quot;stretch_section&quot;:&quot;section-stretched&quot;,&quot;background_background&quot;:&quot;classic&quot;}\">\n\t\t\t\t\t\t<div class=\"elementor-container elementor-column-gap-no\">\n\t\t\t\t\t<div class=\"elementor-column elementor-col-100 elementor-top-column elementor-element elementor-element-18f8fac\" data-id=\"18f8fac\" data-element_type=\"column\" data-e-type=\"column\">\n\t\t\t<div class=\"elementor-widget-wrap elementor-element-populated\">\n\t\t\t\t\t\t<section class=\"elementor-section elementor-inner-section elementor-element elementor-element-a58ae3b elementor-section-boxed elementor-section-height-default elementor-section-height-default\" data-id=\"a58ae3b\" data-element_type=\"section\" data-e-type=\"section\">\n\t\t\t\t\t\t<div class=\"elementor-container elementor-column-gap-default\">\n\t\t\t\t\t<div class=\"elementor-column elementor-col-100 elementor-inner-column elementor-element elementor-element-7fa6ed4\" data-id=\"7fa6ed4\" data-element_type=\"column\" data-e-type=\"column\">\n\t\t\t<div class=\"elementor-widget-wrap elementor-element-populated\">\n\t\t\t\t\t\t<div class=\"elementor-element elementor-element-f83ac6f elementor-widget elementor-widget-image\" data-id=\"f83ac6f\" data-element_type=\"widget\" data-e-type=\"widget\" data-widget_type=\"image.default\">\n\t\t\t\t<div class=\"elementor-widget-container\">\n\t\t\t\t\t\t\t\t\t\t\t\t\t\t\t<img decoding=\"async\" width=\"300\" height=\"70\" src=\"https:\/\/enne.com.ar\/wp-content\/uploads\/2026\/05\/ENNE-SERVICIOS-LOGO-300x70.png\" class=\"attachment-medium size-medium wp-image-5037\" alt=\"\" srcset=\"https:\/\/enne.com.ar\/wp-content\/uploads\/2026\/05\/ENNE-SERVICIOS-LOGO-300x70.png 300w, https:\/\/enne.com.ar\/wp-content\/uploads\/2026\/05\/ENNE-SERVICIOS-LOGO-1024x240.png 1024w, https:\/\/enne.com.ar\/wp-content\/uploads\/2026\/05\/ENNE-SERVICIOS-LOGO-768x180.png 768w, https:\/\/enne.com.ar\/wp-content\/uploads\/2026\/05\/ENNE-SERVICIOS-LOGO-1536x359.png 1536w, https:\/\/enne.com.ar\/wp-content\/uploads\/2026\/05\/ENNE-SERVICIOS-LOGO-2048x479.png 2048w, https:\/\/enne.com.ar\/wp-content\/uploads\/2026\/05\/ENNE-SERVICIOS-LOGO-700x164.png 700w\" sizes=\"(max-width: 300px) 100vw, 300px\" \/>\t\t\t\t\t\t\t\t\t\t\t\t\t\t\t<\/div>\n\t\t\t\t<\/div>\n\t\t\t\t\t<\/div>\n\t\t<\/div>\n\t\t\t\t\t<\/div>\n\t\t<\/section>\n\t\t\t\t<div class=\"elementor-element elementor-element-e38b1e1 elementor-widget__width-inherit elementor-widget-divider--view-line elementor-widget elementor-widget-divider\" data-id=\"e38b1e1\" data-element_type=\"widget\" data-e-type=\"widget\" data-widget_type=\"divider.default\">\n\t\t\t\t<div class=\"elementor-widget-container\">\n\t\t\t\t\t\t\t<div class=\"elementor-divider\">\n\t\t\t<span class=\"elementor-divider-separator\">\n\t\t\t\t\t\t<\/span>\n\t\t<\/div>\n\t\t\t\t\t\t<\/div>\n\t\t\t\t<\/div>\n\t\t\t\t<section class=\"elementor-section elementor-inner-section elementor-element elementor-element-de60df1 elementor-section-boxed elementor-section-height-default elementor-section-height-default\" data-id=\"de60df1\" data-element_type=\"section\" data-e-type=\"section\">\n\t\t\t\t\t\t<div class=\"elementor-container elementor-column-gap-default\">\n\t\t\t\t\t<div class=\"elementor-column elementor-col-33 elementor-inner-column elementor-element elementor-element-0c9f037\" data-id=\"0c9f037\" data-element_type=\"column\" data-e-type=\"column\">\n\t\t\t<div class=\"elementor-widget-wrap elementor-element-populated\">\n\t\t\t\t\t\t<div class=\"elementor-element elementor-element-af7b1f0 elementor-widget elementor-widget-image\" data-id=\"af7b1f0\" data-element_type=\"widget\" data-e-type=\"widget\" data-widget_type=\"image.default\">\n\t\t\t\t<div class=\"elementor-widget-container\">\n\t\t\t\t\t\t\t\t\t\t\t\t\t\t\t\t<a href=\"mailto:info@enne.com.ar\">\n\t\t\t\t\t\t\t<img decoding=\"async\" width=\"272\" height=\"42\" src=\"https:\/\/enne.com.ar\/wp-content\/uploads\/2021\/08\/Marca-ennergia-2021.png\" class=\"attachment-large size-large wp-image-4931\" alt=\"\" \/>\t\t\t\t\t\t\t\t<\/a>\n\t\t\t\t\t\t\t\t\t\t\t\t\t\t\t<\/div>\n\t\t\t\t<\/div>\n\t\t\t\t<div class=\"elementor-element elementor-element-1ef11bf elementor-widget-divider--view-line elementor-widget elementor-widget-divider\" data-id=\"1ef11bf\" data-element_type=\"widget\" data-e-type=\"widget\" data-widget_type=\"divider.default\">\n\t\t\t\t<div class=\"elementor-widget-container\">\n\t\t\t\t\t\t\t<div class=\"elementor-divider\">\n\t\t\t<span class=\"elementor-divider-separator\">\n\t\t\t\t\t\t<\/span>\n\t\t<\/div>\n\t\t\t\t\t\t<\/div>\n\t\t\t\t<\/div>\n\t\t\t\t<div class=\"elementor-element elementor-element-e8f6727 elementor-widget elementor-widget-heading\" data-id=\"e8f6727\" data-element_type=\"widget\" data-e-type=\"widget\" data-widget_type=\"heading.default\">\n\t\t\t\t<div class=\"elementor-widget-container\">\n\t\t\t\t\t<div class=\"decor\"><span class=\"dot\"><\/span><\/div><p class=\"elementor-heading-title elementor-size-small\">Somos parte de la energ\u00eda que mueve al pa\u00eds.\u200b<\/p>\t\t\t\t<\/div>\n\t\t\t\t<\/div>\n\t\t\t\t<div class=\"elementor-element elementor-element-e790fc3 elementor-widget-divider--view-line elementor-widget elementor-widget-divider\" data-id=\"e790fc3\" data-element_type=\"widget\" data-e-type=\"widget\" data-widget_type=\"divider.default\">\n\t\t\t\t<div class=\"elementor-widget-container\">\n\t\t\t\t\t\t\t<div class=\"elementor-divider\">\n\t\t\t<span class=\"elementor-divider-separator\">\n\t\t\t\t\t\t<\/span>\n\t\t<\/div>\n\t\t\t\t\t\t<\/div>\n\t\t\t\t<\/div>\n\t\t\t\t\t<\/div>\n\t\t<\/div>\n\t\t\t\t<div class=\"elementor-column elementor-col-33 elementor-inner-column elementor-element elementor-element-076d029\" data-id=\"076d029\" data-element_type=\"column\" data-e-type=\"column\">\n\t\t\t<div class=\"elementor-widget-wrap elementor-element-populated\">\n\t\t\t\t\t\t<div class=\"elementor-element elementor-element-11a3c4e elementor-widget elementor-widget-image\" data-id=\"11a3c4e\" data-element_type=\"widget\" data-e-type=\"widget\" data-widget_type=\"image.default\">\n\t\t\t\t<div class=\"elementor-widget-container\">\n\t\t\t\t\t\t\t\t\t\t\t\t\t\t\t\t<a href=\"mailto:info@enne.com.ar\">\n\t\t\t\t\t\t\t<img fetchpriority=\"high\" decoding=\"async\" width=\"600\" height=\"143\" src=\"https:\/\/enne.com.ar\/wp-content\/uploads\/2026\/05\/Enne-Vial-logo-2-1024x244.png\" class=\"attachment-large size-large wp-image-5049\" alt=\"\" srcset=\"https:\/\/enne.com.ar\/wp-content\/uploads\/2026\/05\/Enne-Vial-logo-2-1024x244.png 1024w, https:\/\/enne.com.ar\/wp-content\/uploads\/2026\/05\/Enne-Vial-logo-2-300x71.png 300w, https:\/\/enne.com.ar\/wp-content\/uploads\/2026\/05\/Enne-Vial-logo-2-768x183.png 768w, https:\/\/enne.com.ar\/wp-content\/uploads\/2026\/05\/Enne-Vial-logo-2-1536x366.png 1536w, https:\/\/enne.com.ar\/wp-content\/uploads\/2026\/05\/Enne-Vial-logo-2-2048x488.png 2048w, https:\/\/enne.com.ar\/wp-content\/uploads\/2026\/05\/Enne-Vial-logo-2-700x167.png 700w\" sizes=\"(max-width: 600px) 100vw, 600px\" \/>\t\t\t\t\t\t\t\t<\/a>\n\t\t\t\t\t\t\t\t\t\t\t\t\t\t\t<\/div>\n\t\t\t\t<\/div>\n\t\t\t\t<div class=\"elementor-element elementor-element-d827e54 elementor-widget-divider--view-line elementor-widget elementor-widget-divider\" data-id=\"d827e54\" data-element_type=\"widget\" data-e-type=\"widget\" data-widget_type=\"divider.default\">\n\t\t\t\t<div class=\"elementor-widget-container\">\n\t\t\t\t\t\t\t<div class=\"elementor-divider\">\n\t\t\t<span class=\"elementor-divider-separator\">\n\t\t\t\t\t\t<\/span>\n\t\t<\/div>\n\t\t\t\t\t\t<\/div>\n\t\t\t\t<\/div>\n\t\t\t\t<div class=\"elementor-element elementor-element-0742b9f elementor-widget elementor-widget-heading\" data-id=\"0742b9f\" data-element_type=\"widget\" data-e-type=\"widget\" data-widget_type=\"heading.default\">\n\t\t\t\t<div class=\"elementor-widget-container\">\n\t\t\t\t\t<div class=\"decor\"><span class=\"dot\"><\/span><\/div><p class=\"elementor-heading-title elementor-size-small\">Asesoramos empresas de diferentes sectores con proyectos de mediana y gran escala.\u200b<\/p>\t\t\t\t<\/div>\n\t\t\t\t<\/div>\n\t\t\t\t<div class=\"elementor-element elementor-element-3fd47b8 elementor-widget-divider--view-line elementor-widget elementor-widget-divider\" data-id=\"3fd47b8\" data-element_type=\"widget\" data-e-type=\"widget\" data-widget_type=\"divider.default\">\n\t\t\t\t<div class=\"elementor-widget-container\">\n\t\t\t\t\t\t\t<div class=\"elementor-divider\">\n\t\t\t<span class=\"elementor-divider-separator\">\n\t\t\t\t\t\t<\/span>\n\t\t<\/div>\n\t\t\t\t\t\t<\/div>\n\t\t\t\t<\/div>\n\t\t\t\t\t<\/div>\n\t\t<\/div>\n\t\t\t\t<div class=\"elementor-column elementor-col-33 elementor-inner-column elementor-element elementor-element-b82b32a\" data-id=\"b82b32a\" data-element_type=\"column\" data-e-type=\"column\">\n\t\t\t<div class=\"elementor-widget-wrap elementor-element-populated\">\n\t\t\t\t\t\t<div class=\"elementor-element elementor-element-9e52a8b elementor-widget elementor-widget-image\" data-id=\"9e52a8b\" data-element_type=\"widget\" data-e-type=\"widget\" data-widget_type=\"image.default\">\n\t\t\t\t<div class=\"elementor-widget-container\">\n\t\t\t\t\t\t\t\t\t\t\t\t\t\t\t\t<a href=\"https:\/\/ennestate.com.ar\/oiko\">\n\t\t\t\t\t\t\t<img loading=\"lazy\" decoding=\"async\" width=\"336\" height=\"36\" src=\"https:\/\/enne.com.ar\/wp-content\/uploads\/2021\/08\/Marca-ennestate-2021.png\" class=\"attachment-large size-large wp-image-4932\" alt=\"\" srcset=\"https:\/\/enne.com.ar\/wp-content\/uploads\/2021\/08\/Marca-ennestate-2021.png 336w, https:\/\/enne.com.ar\/wp-content\/uploads\/2021\/08\/Marca-ennestate-2021-300x32.png 300w\" sizes=\"(max-width: 336px) 100vw, 336px\" \/>\t\t\t\t\t\t\t\t<\/a>\n\t\t\t\t\t\t\t\t\t\t\t\t\t\t\t<\/div>\n\t\t\t\t<\/div>\n\t\t\t\t<div class=\"elementor-element elementor-element-3a7ea80 elementor-widget-divider--view-line elementor-widget elementor-widget-divider\" data-id=\"3a7ea80\" data-element_type=\"widget\" data-e-type=\"widget\" data-widget_type=\"divider.default\">\n\t\t\t\t<div class=\"elementor-widget-container\">\n\t\t\t\t\t\t\t<div class=\"elementor-divider\">\n\t\t\t<span class=\"elementor-divider-separator\">\n\t\t\t\t\t\t<\/span>\n\t\t<\/div>\n\t\t\t\t\t\t<\/div>\n\t\t\t\t<\/div>\n\t\t\t\t<div class=\"elementor-element elementor-element-c38773a elementor-widget elementor-widget-heading\" data-id=\"c38773a\" data-element_type=\"widget\" data-e-type=\"widget\" data-widget_type=\"heading.default\">\n\t\t\t\t<div class=\"elementor-widget-container\">\n\t\t\t\t\t<div class=\"decor\"><span class=\"dot\"><\/span><\/div><p class=\"elementor-heading-title elementor-size-small\">Desarrollamos, construimos y diversificamos proyectos de Real Estate.\u200b<\/p>\t\t\t\t<\/div>\n\t\t\t\t<\/div>\n\t\t\t\t<div class=\"elementor-element elementor-element-a8408b6 elementor-widget-divider--view-line elementor-widget elementor-widget-divider\" data-id=\"a8408b6\" data-element_type=\"widget\" data-e-type=\"widget\" data-widget_type=\"divider.default\">\n\t\t\t\t<div class=\"elementor-widget-container\">\n\t\t\t\t\t\t\t<div class=\"elementor-divider\">\n\t\t\t<span class=\"elementor-divider-separator\">\n\t\t\t\t\t\t<\/span>\n\t\t<\/div>\n\t\t\t\t\t\t<\/div>\n\t\t\t\t<\/div>\n\t\t\t\t\t<\/div>\n\t\t<\/div>\n\t\t\t\t\t<\/div>\n\t\t<\/section>\n\t\t\t\t<section class=\"elementor-section elementor-inner-section elementor-element elementor-element-04105f2 elementor-section-boxed elementor-section-height-default elementor-section-height-default\" data-id=\"04105f2\" data-element_type=\"section\" data-e-type=\"section\">\n\t\t\t\t\t\t<div class=\"elementor-container elementor-column-gap-default\">\n\t\t\t\t\t<div class=\"elementor-column elementor-col-33 elementor-inner-column elementor-element elementor-element-e40214e\" data-id=\"e40214e\" data-element_type=\"column\" data-e-type=\"column\">\n\t\t\t<div class=\"elementor-widget-wrap elementor-element-populated\">\n\t\t\t\t\t\t<div class=\"elementor-element elementor-element-137c3f9 elementor-widget elementor-widget-image\" data-id=\"137c3f9\" data-element_type=\"widget\" data-e-type=\"widget\" data-widget_type=\"image.default\">\n\t\t\t\t<div class=\"elementor-widget-container\">\n\t\t\t\t\t\t\t\t\t\t\t\t\t\t\t\t<a href=\"https:\/\/ashford.com.ar\/producto\/ashford-formula\/\" target=\"_blank\">\n\t\t\t\t\t\t\t<img loading=\"lazy\" decoding=\"async\" width=\"876\" height=\"264\" src=\"https:\/\/enne.com.ar\/wp-content\/uploads\/2026\/05\/Ashford-Formula-arg.png\" class=\"attachment-full size-full wp-image-5041\" alt=\"\" srcset=\"https:\/\/enne.com.ar\/wp-content\/uploads\/2026\/05\/Ashford-Formula-arg.png 876w, https:\/\/enne.com.ar\/wp-content\/uploads\/2026\/05\/Ashford-Formula-arg-300x90.png 300w, https:\/\/enne.com.ar\/wp-content\/uploads\/2026\/05\/Ashford-Formula-arg-768x231.png 768w, https:\/\/enne.com.ar\/wp-content\/uploads\/2026\/05\/Ashford-Formula-arg-700x211.png 700w\" sizes=\"(max-width: 876px) 100vw, 876px\" \/>\t\t\t\t\t\t\t\t<\/a>\n\t\t\t\t\t\t\t\t\t\t\t\t\t\t\t<\/div>\n\t\t\t\t<\/div>\n\t\t\t\t<div class=\"elementor-element elementor-element-596962b elementor-widget-divider--view-line elementor-widget elementor-widget-divider\" data-id=\"596962b\" data-element_type=\"widget\" data-e-type=\"widget\" data-widget_type=\"divider.default\">\n\t\t\t\t<div class=\"elementor-widget-container\">\n\t\t\t\t\t\t\t<div class=\"elementor-divider\">\n\t\t\t<span class=\"elementor-divider-separator\">\n\t\t\t\t\t\t<\/span>\n\t\t<\/div>\n\t\t\t\t\t\t<\/div>\n\t\t\t\t<\/div>\n\t\t\t\t<div class=\"elementor-element elementor-element-5af2ef8 elementor-widget elementor-widget-heading\" data-id=\"5af2ef8\" data-element_type=\"widget\" data-e-type=\"widget\" data-widget_type=\"heading.default\">\n\t\t\t\t<div class=\"elementor-widget-container\">\n\t\t\t\t\t<div class=\"decor\"><span class=\"dot\"><\/span><\/div><p class=\"elementor-heading-title elementor-size-small\">Representantes exclusivos de Ashford Formula un producto desarrollado como una alternativa a los recubrimientos.<\/p>\t\t\t\t<\/div>\n\t\t\t\t<\/div>\n\t\t\t\t<div class=\"elementor-element elementor-element-16bb37a elementor-widget-divider--view-line elementor-widget elementor-widget-divider\" data-id=\"16bb37a\" data-element_type=\"widget\" data-e-type=\"widget\" data-widget_type=\"divider.default\">\n\t\t\t\t<div class=\"elementor-widget-container\">\n\t\t\t\t\t\t\t<div class=\"elementor-divider\">\n\t\t\t<span class=\"elementor-divider-separator\">\n\t\t\t\t\t\t<\/span>\n\t\t<\/div>\n\t\t\t\t\t\t<\/div>\n\t\t\t\t<\/div>\n\t\t\t\t\t<\/div>\n\t\t<\/div>\n\t\t\t\t<div class=\"elementor-column elementor-col-33 elementor-inner-column elementor-element elementor-element-c52d1d4\" data-id=\"c52d1d4\" data-element_type=\"column\" data-e-type=\"column\">\n\t\t\t<div class=\"elementor-widget-wrap elementor-element-populated\">\n\t\t\t\t\t\t<div class=\"elementor-element elementor-element-f71fbcc elementor-widget elementor-widget-image\" data-id=\"f71fbcc\" data-element_type=\"widget\" data-e-type=\"widget\" data-widget_type=\"image.default\">\n\t\t\t\t<div class=\"elementor-widget-container\">\n\t\t\t\t\t\t\t\t\t\t\t\t\t\t\t\t<a href=\"https:\/\/penetron.com.ar\/sistema-penetron\/\">\n\t\t\t\t\t\t\t<img decoding=\"async\" src=\"https:\/\/enne.com.ar\/wp-content\/uploads\/2026\/05\/penetron-logo-white.png\" title=\"penetron-logo-white\" alt=\"penetron-logo-white\" loading=\"lazy\" \/>\t\t\t\t\t\t\t\t<\/a>\n\t\t\t\t\t\t\t\t\t\t\t\t\t\t\t<\/div>\n\t\t\t\t<\/div>\n\t\t\t\t<div class=\"elementor-element elementor-element-efca043 elementor-widget-divider--view-line elementor-widget elementor-widget-divider\" data-id=\"efca043\" data-element_type=\"widget\" data-e-type=\"widget\" data-widget_type=\"divider.default\">\n\t\t\t\t<div class=\"elementor-widget-container\">\n\t\t\t\t\t\t\t<div class=\"elementor-divider\">\n\t\t\t<span class=\"elementor-divider-separator\">\n\t\t\t\t\t\t<\/span>\n\t\t<\/div>\n\t\t\t\t\t\t<\/div>\n\t\t\t\t<\/div>\n\t\t\t\t<div class=\"elementor-element elementor-element-1c83bec elementor-widget elementor-widget-heading\" data-id=\"1c83bec\" data-element_type=\"widget\" data-e-type=\"widget\" data-widget_type=\"heading.default\">\n\t\t\t\t<div class=\"elementor-widget-container\">\n\t\t\t\t\t<div class=\"decor\"><span class=\"dot\"><\/span><\/div><p class=\"elementor-heading-title elementor-size-small\">Representantes exclusivos en la regi\u00f3n  de Penetron, el sistema de impermeabilizaci\u00f3n\ny protecci\u00f3n permanente de concreto \nm\u00e1s efectivo.<\/p>\t\t\t\t<\/div>\n\t\t\t\t<\/div>\n\t\t\t\t<div class=\"elementor-element elementor-element-dde1274 elementor-widget-divider--view-line elementor-widget elementor-widget-divider\" data-id=\"dde1274\" data-element_type=\"widget\" data-e-type=\"widget\" data-widget_type=\"divider.default\">\n\t\t\t\t<div class=\"elementor-widget-container\">\n\t\t\t\t\t\t\t<div class=\"elementor-divider\">\n\t\t\t<span class=\"elementor-divider-separator\">\n\t\t\t\t\t\t<\/span>\n\t\t<\/div>\n\t\t\t\t\t\t<\/div>\n\t\t\t\t<\/div>\n\t\t\t\t\t<\/div>\n\t\t<\/div>\n\t\t\t\t<div class=\"elementor-column elementor-col-33 elementor-inner-column elementor-element elementor-element-2c096bf\" data-id=\"2c096bf\" data-element_type=\"column\" data-e-type=\"column\">\n\t\t\t<div class=\"elementor-widget-wrap elementor-element-populated\">\n\t\t\t\t\t\t<div class=\"elementor-element elementor-element-d431696 elementor-widget elementor-widget-image\" data-id=\"d431696\" data-element_type=\"widget\" data-e-type=\"widget\" data-widget_type=\"image.default\">\n\t\t\t\t<div class=\"elementor-widget-container\">\n\t\t\t\t\t\t\t\t\t\t\t\t\t\t\t\t<a href=\"mailto:info@enne.com.ar\">\n\t\t\t\t\t\t\t<img loading=\"lazy\" decoding=\"async\" width=\"144\" height=\"51\" src=\"https:\/\/enne.com.ar\/wp-content\/uploads\/2021\/08\/Marca-ONN-2021.png\" class=\"attachment-large size-large wp-image-4933\" alt=\"\" \/>\t\t\t\t\t\t\t\t<\/a>\n\t\t\t\t\t\t\t\t\t\t\t\t\t\t\t<\/div>\n\t\t\t\t<\/div>\n\t\t\t\t<div class=\"elementor-element elementor-element-1f49663 elementor-widget-divider--view-line elementor-widget elementor-widget-divider\" data-id=\"1f49663\" data-element_type=\"widget\" data-e-type=\"widget\" data-widget_type=\"divider.default\">\n\t\t\t\t<div class=\"elementor-widget-container\">\n\t\t\t\t\t\t\t<div class=\"elementor-divider\">\n\t\t\t<span class=\"elementor-divider-separator\">\n\t\t\t\t\t\t<\/span>\n\t\t<\/div>\n\t\t\t\t\t\t<\/div>\n\t\t\t\t<\/div>\n\t\t\t\t<div class=\"elementor-element elementor-element-f31f410 elementor-widget elementor-widget-heading\" data-id=\"f31f410\" data-element_type=\"widget\" data-e-type=\"widget\" data-widget_type=\"heading.default\">\n\t\t\t\t<div class=\"elementor-widget-container\">\n\t\t\t\t\t<div class=\"decor\"><span class=\"dot\"><\/span><\/div><p class=\"elementor-heading-title elementor-size-small\">Diversificamos proyectos de Real Estate<\/p>\t\t\t\t<\/div>\n\t\t\t\t<\/div>\n\t\t\t\t<div class=\"elementor-element elementor-element-bdd0b86 elementor-widget-divider--view-line elementor-widget elementor-widget-divider\" data-id=\"bdd0b86\" data-element_type=\"widget\" data-e-type=\"widget\" data-widget_type=\"divider.default\">\n\t\t\t\t<div class=\"elementor-widget-container\">\n\t\t\t\t\t\t\t<div class=\"elementor-divider\">\n\t\t\t<span class=\"elementor-divider-separator\">\n\t\t\t\t\t\t<\/span>\n\t\t<\/div>\n\t\t\t\t\t\t<\/div>\n\t\t\t\t<\/div>\n\t\t\t\t\t<\/div>\n\t\t<\/div>\n\t\t\t\t\t<\/div>\n\t\t<\/section>\n\t\t\t\t\t<\/div>\n\t\t<\/div>\n\t\t\t\t\t<\/div>\n\t\t<\/section>\n\t\t\t\t<section class=\"elementor-section elementor-top-section elementor-element elementor-element-db636fc elementor-section-boxed elementor-section-height-default elementor-section-height-default\" data-id=\"db636fc\" data-element_type=\"section\" data-e-type=\"section\" data-settings=\"{&quot;background_background&quot;:&quot;classic&quot;}\">\n\t\t\t\t\t\t<div class=\"elementor-container elementor-column-gap-default\">\n\t\t\t\t\t<div class=\"elementor-column elementor-col-50 elementor-top-column elementor-element elementor-element-7fcfa66\" data-id=\"7fcfa66\" data-element_type=\"column\" data-e-type=\"column\">\n\t\t\t<div class=\"elementor-widget-wrap elementor-element-populated\">\n\t\t\t\t\t\t<div class=\"elementor-element elementor-element-8d6c903 elementor-widget elementor-widget-heading\" data-id=\"8d6c903\" data-element_type=\"widget\" data-e-type=\"widget\" data-widget_type=\"heading.default\">\n\t\t\t\t<div class=\"elementor-widget-container\">\n\t\t\t\t\t<div class=\"decor\"><span class=\"dot\"><\/span><\/div><h5 class=\"elementor-heading-title elementor-size-default\">Neuqu\u00e9n, Argentina<br data-start=\"387\" data-end=\"390\">\n<a data-start=\"390\" data-end=\"406\" class=\"decorated-link cursor-pointer\" rel=\"noopener\">info@enne.com.ar<\/a><\/h5>\t\t\t\t<\/div>\n\t\t\t\t<\/div>\n\t\t\t\t\t<\/div>\n\t\t<\/div>\n\t\t\t\t<div class=\"elementor-column elementor-col-50 elementor-top-column elementor-element elementor-element-38bfad0\" data-id=\"38bfad0\" data-element_type=\"column\" data-e-type=\"column\">\n\t\t\t<div class=\"elementor-widget-wrap elementor-element-populated\">\n\t\t\t\t\t\t<div class=\"elementor-element elementor-element-5217d2e elementor-widget__width-initial elementor-widget elementor-widget-heading\" data-id=\"5217d2e\" data-element_type=\"widget\" data-e-type=\"widget\" data-widget_type=\"heading.default\">\n\t\t\t\t<div class=\"elementor-widget-container\">\n\t\t\t\t\t<div class=\"decor\"><span class=\"dot\"><\/span><\/div><p class=\"elementor-heading-title elementor-size-default\">Somos parte de la energ\u00eda que impulsa el desarrollo. Acompa\u00f1amos proyectos con compromiso, eficiencia y visi\u00f3n estrat\u00e9gica en cada etapa.<\/p>\t\t\t\t<\/div>\n\t\t\t\t<\/div>\n\t\t\t\t\t<\/div>\n\t\t<\/div>\n\t\t\t\t\t<\/div>\n\t\t<\/section>\n\t\t\t\t<section class=\"elementor-section elementor-top-section elementor-element elementor-element-474666c elementor-section-boxed elementor-section-height-default elementor-section-height-default\" data-id=\"474666c\" data-element_type=\"section\" data-e-type=\"section\" data-settings=\"{&quot;background_background&quot;:&quot;classic&quot;}\">\n\t\t\t\t\t\t<div class=\"elementor-container elementor-column-gap-default\">\n\t\t\t\t\t<div class=\"elementor-column elementor-col-100 elementor-top-column elementor-element elementor-element-90c878d\" data-id=\"90c878d\" data-element_type=\"column\" data-e-type=\"column\">\n\t\t\t<div class=\"elementor-widget-wrap elementor-element-populated\">\n\t\t\t\t\t\t<div class=\"elementor-element elementor-element-63a73d4 elementor-widget elementor-widget-text-editor\" data-id=\"63a73d4\" data-element_type=\"widget\" data-e-type=\"widget\" data-widget_type=\"text-editor.default\">\n\t\t\t\t<div class=\"elementor-widget-container\">\n\t\t\t\t\t        <div class=\"elementor-text-editor elementor-clearfix\"><p style=\"text-align: center;\" data-start=\"410\" data-end=\"453\">\u00a9 ENNE S.A. \u2014 Todos los derechos reservados<\/p><\/div>\n        \t\t\t\t<\/div>\n\t\t\t\t<\/div>\n\t\t\t\t\t<\/div>\n\t\t<\/div>\n\t\t\t\t\t<\/div>\n\t\t<\/section>\n\t\t\t\t<section class=\"elementor-section elementor-top-section elementor-element elementor-element-6afe0e7 elementor-section-boxed elementor-section-height-default elementor-section-height-default\" data-id=\"6afe0e7\" data-element_type=\"section\" data-e-type=\"section\">\n\t\t\t\t\t\t<div class=\"elementor-container elementor-column-gap-default\">\n\t\t\t\t\t<div class=\"elementor-column elementor-col-100 elementor-top-column elementor-element elementor-element-e5c90ee\" data-id=\"e5c90ee\" data-element_type=\"column\" data-e-type=\"column\">\n\t\t\t<div class=\"elementor-widget-wrap\">\n\t\t\t\t\t\t\t<\/div>\n\t\t<\/div>\n\t\t\t\t\t<\/div>\n\t\t<\/section>\n\t\t\t\t<\/div>\n\t\t","protected":false},"excerpt":{"rendered":"<p>Somos parte de la energ\u00eda que mueve al pa\u00eds.\u200b Asesoramos empresas de diferentes sectores con proyectos de mediana y gran escala.\u200b Desarrollamos, construimos y diversificamos proyectos de Real Estate.\u200b Representantes exclusivos de Ashford Formula un producto desarrollado como una alternativa a los recubrimientos. Representantes exclusivos en la regi\u00f3n de Penetron, el sistema de impermeabilizaci\u00f3n y &hellip; <\/p>\n<p class=\"link-more\"><a href=\"https:\/\/enne.com.ar\/\" class=\"more-link\">Read More <span class=\"screen-reader-text\"> \u00abMantenimiento\u00bb<\/span><\/a><\/p>\n","protected":false},"author":1,"featured_media":0,"parent":1868,"menu_order":0,"comment_status":"closed","ping_status":"closed","template":"elementor_canvas","meta":{"inline_featured_image":false,"footnotes":""},"class_list":["post-4093","page","type-page","status-publish","hentry"],"_links":{"self":[{"href":"https:\/\/enne.com.ar\/index.php?rest_route=\/wp\/v2\/pages\/4093","targetHints":{"allow":["GET"]}}],"collection":[{"href":"https:\/\/enne.com.ar\/index.php?rest_route=\/wp\/v2\/pages"}],"about":[{"href":"https:\/\/enne.com.ar\/index.php?rest_route=\/wp\/v2\/types\/page"}],"author":[{"embeddable":true,"href":"https:\/\/enne.com.ar\/index.php?rest_route=\/wp\/v2\/users\/1"}],"replies":[{"embeddable":true,"href":"https:\/\/enne.com.ar\/index.php?rest_route=%2Fwp%2Fv2%2Fcomments&post=4093"}],"version-history":[{"count":116,"href":"https:\/\/enne.com.ar\/index.php?rest_route=\/wp\/v2\/pages\/4093\/revisions"}],"predecessor-version":[{"id":5130,"href":"https:\/\/enne.com.ar\/index.php?rest_route=\/wp\/v2\/pages\/4093\/revisions\/5130"}],"up":[{"embeddable":true,"href":"https:\/\/enne.com.ar\/index.php?rest_route=\/wp\/v2\/pages\/1868"}],"wp:attachment":[{"href":"https:\/\/enne.com.ar\/index.php?rest_route=%2Fwp%2Fv2%2Fmedia&parent=4093"}],"curies":[{"name":"wp","href":"https:\/\/api.w.org\/{rel}","templated":true}]}}